{"id":7868,"date":"2017-03-09T10:08:51","date_gmt":"2017-03-09T10:08:51","guid":{"rendered":"https:\/\/nanoseedz.com\/product\/gold-nanostars\/"},"modified":"2026-02-27T10:08:16","modified_gmt":"2026-02-27T02:08:16","slug":"gold-nanostars","status":"publish","type":"product","link":"https:\/\/nanoseedz.com\/zh-hans\/\u4ea7\u54c1\/gold-nanostars\/","title":{"rendered":"\u91d1\u7eb3\u7c73\u661f\u9897\u7c92"},"content":{"rendered":"<h4 class=\"STYLE25\" align=\"center\">\u91d1\u7eb3\u7c73\u661f\u9897\u7c92<\/h4>\n<p class=\"style1\"><span class=\"STYLE26\">NanoSeedz\u2122<\/span><span class=\"STYLE27\">\u63d0\u4f9b\u7684\u91d1<\/span>\u7eb3\u7c73\u661f\u9897\u7c92\u5177\u6709\u591a\u4e2a\u5e26\u6709\u5c16\u89d2\u7684\u5206\u679d\uff0c\u5c16\u89d2\u5904\u80fd\u4ea7\u751f\u5f88\u5f3a\u7684\u7535\u573a\u653e\u5927\uff0c\u56e0\u800c\u5b83\u4eec\u5728\u751f\u7269\u4f20\u611f\u5668\u548c\u8868\u9762\u7b49\u79bb\u6fc0\u5143\u589e\u5f3a\u5149\u8c31\u65b9\u9762\u6709\u5e7f\u9614\u7684\u5e94\u7528\u524d\u666f\u3002<\/p>\n<p class=\"style1\"><img loading=\"lazy\" decoding=\"async\" class=\"aligncenter wp-image-7864\" src=\"https:\/\/nanoseedz.com\/wp-content\/uploads\/2017\/03\/au-nanostar-large-m-for-product.jpg\" alt=\"\" width=\"600\" height=\"637\" srcset=\"https:\/\/nanoseedz.com\/wp-content\/uploads\/2017\/03\/au-nanostar-large-m-for-product.jpg 2152w, https:\/\/nanoseedz.com\/wp-content\/uploads\/2017\/03\/au-nanostar-large-m-for-product-1000x1061.jpg 1000w\" sizes=\"auto, (max-width: 600px) 100vw, 600px\" \/><\/p>\n<h4 class=\"style1\" style=\"text-align: center\">\u91d1\u7eb3\u7c73\u661f\u9897\u7c92<\/h4>\n<table style=\"height: 56px\" border=\"1\" width=\"926\">\n<tbody>\n<tr>\n<td style=\"text-align: center\">\u4ea7\u54c1\u4ee3\u53f7 #<\/td>\n<td style=\"text-align: center\">\u76f4\u5f84(nm)*<\/td>\n<td style=\"text-align: center\">\u4f53\u79ef(mL)<\/td>\n<td style=\"text-align: center\">\u8d28\u91cf\u6d53\u5ea6(mg\/L)<\/td>\n<td style=\"text-align: center\">\u4ef7\u683c(\u4eba\u6c11\u5e01\uff09<\/td>\n<\/tr>\n<tr>\n<td style=\"text-align: center\">Nanostar-70<\/td>\n<td style=\"text-align: center\">71\u00b16<\/td>\n<td style=\"text-align: center\">10<\/td>\n<td style=\"text-align: center\">70<\/td>\n<td style=\"text-align: center\">848<\/td>\n<\/tr>\n<\/tbody>\n<\/table>\n<p style=\"text-align: left\">*\u91d1\u7eb3\u7c73\u661f\u9897\u7c92\u6838\u7684\u76f4\u5f84\u3002<\/p>\n<h4>References<\/h4>\n<ol>\n<li class=\"style7\">L. Rodr\u00edguez-Lorenzo, R. de la Rica, R. A. \u00c1lvarez-Puebla, L. M. Liz-Marz\u00e1n, M. M. Stevens. Plasmonic nanosensors with inverse sensitivity by means of enzyme-guided crystal growth. <em>Nat. Mater.<\/em> <strong>2012<\/strong>, <em>11<\/em>, 604.<\/li>\n<li class=\"style7\">L. Shao, A. S. Susha, L. S. Cheung, T. K. Sau, A. L. Rogach, J. F. Wang. Plasmonic properties of single multispiked gold nanostars: correlating modeling with experiments. <em>Langmuir<\/em> <strong>2012<\/strong>, <em>28<\/em>, 8979.<\/li>\n<li class=\"style7\">T. K. Sau, A. L. Rogach, M. D\u00f6blinger, J. Feldmann. One-step high-yield aqueous synthesis of size-tunable multispiked gold nanoparticles. <em>Small<\/em> <strong>2011<\/strong>, <em>7<\/em>, 2188.<\/li>\n<li class=\"style7\">C. Hrelescu, T. K. Sau, A. L. Rogach, F. J\u00e4ckel, G. Laurent, L. Douillard, F. Charra. Selective excitation of individual plasmonic hotspots at the tips of single gold nanostars. <em>Nano Lett.<\/em> <strong>2011<\/strong>, <em>11<\/em>, 402.<\/li>\n<li class=\"style7\">S. K. Dondapati, T. K. Sau, C. Hrelescu, T. A. Klar, F. D. Stefani, J. Feldmann. Label-free biosensing based on single gold nanostars as plasmonic transducers. <em>ACS Nano<\/em> <strong>2010<\/strong>, <em>4<\/em>, 6318.<\/li>\n<li class=\"style7\">E. S. Allgeyer, A. Pongan, M. Browne, M. D. Mason. Optical signal comparison of single fluorescent molecules and Raman active gold nanostars. <em>Nano Lett.<\/em> <strong>2009<\/strong>, <em>9<\/em>, 3816.<\/li>\n<li class=\"style7\">X. S. Kou, Z. H. Sun, Z. Yang, H. J. Chen, J. F. Wang. Curvature-directed assembly of gold nanocubes, nanobranches, and nanospheres. <em>Langmuir<\/em> <strong>2009<\/strong>, <em>25<\/em>, 1692.<\/li>\n<li class=\"style7\">L. Rodr\u00edguez-Lorenzo, R. A. \u00c1lvarez-Puebla, I. Pastoriza-Santos, S. Mazzucco, O. St\u00e9phan, M. Kociak, L. M. Liz-Marz\u00e1n, F. J. Garc\u00eda de Abajo. Zeptomol detection through controlled ultrasensitive surface-enhanced Raman scattering. <em>J. Am. Chem. Soc.<\/em> <strong>2009<\/strong>, <em>131<\/em>, 4616.<\/li>\n<li class=\"style7\">H.-G. Liao, Y.-X. Jiang, Z.-Y. Zhou, S.-P. Chen, S.-G. Sun. Shape-controlled synthesis of gold nanoparticles in deep eutectic solvents for studies of structure\u2012functionality relationships in electrocatalysis. <em>Angew. Chem. Int. Ed.<\/em> <strong>2008<\/strong>, <em>47<\/em>, 9100.<\/li>\n<li class=\"style7\">F. Hao, C L. Nehl, J. H. Hafner, P. Nordlander, Plasmon resonances of a gold nanostar. <em>Nano Lett.<\/em> <strong>2007<\/strong>, <em>7<\/em>, 729.<\/li>\n<li class=\"style7\">C. L. Nehl, H. W. Liao, J. H. Hafner. Optical properties of star-shaped gold nanoparticles. <em>Nano Lett.<\/em> <strong>2006<\/strong>, <em>6<\/em>, 683.<\/li>\n<\/ol>\n","protected":false},"excerpt":{"rendered":"<hr \/>\n<p>Contact Information \u8054\u7edc\u65b9\u5f0f<\/p>\n<p>Email \u7535\u90ae: <a href=\"mailto:info@nanoseedz.com\">info@nanoseedz.com<\/a><\/p>\n<p>Phone \u7535\u8bdd: <a href=\"tel:85266707996\" target=\"_blank\" rel=\"noopener\">852 66707996<\/a><\/p>\n<p>TaoBao Shop \u6dd8\u5b9d\u5e97\u94fa<\/p>\n<p><a href=\"https:\/\/shop553196935.taobao.com\/\" target=\"_blank\" rel=\"noopener\">https:\/\/shop553196935.taobao.com\/<\/a><\/p>\n","protected":false},"featured_media":7867,"template":"","meta":[],"product_cat":[48],"product_tag":[],"class_list":["post-7868","product","type-product","status-publish","has-post-thumbnail","hentry","product_cat-uncategorized-zh-hans"],"_links":{"self":[{"href":"https:\/\/nanoseedz.com\/zh-hans\/wp-json\/wp\/v2\/product\/7868","targetHints":{"allow":["GET"]}}],"collection":[{"href":"https:\/\/nanoseedz.com\/zh-hans\/wp-json\/wp\/v2\/product"}],"about":[{"href":"https:\/\/nanoseedz.com\/zh-hans\/wp-json\/wp\/v2\/types\/product"}],"wp:featuredmedia":[{"embeddable":true,"href":"https:\/\/nanoseedz.com\/zh-hans\/wp-json\/wp\/v2\/media\/7867"}],"wp:attachment":[{"href":"https:\/\/nanoseedz.com\/zh-hans\/wp-json\/wp\/v2\/media?parent=7868"}],"wp:term":[{"taxonomy":"product_cat","embeddable":true,"href":"https:\/\/nanoseedz.com\/zh-hans\/wp-json\/wp\/v2\/product_cat?post=7868"},{"taxonomy":"product_tag","embeddable":true,"href":"https:\/\/nanoseedz.com\/zh-hans\/wp-json\/wp\/v2\/product_tag?post=7868"}],"curies":[{"name":"wp","href":"https:\/\/api.w.org\/{rel}","templated":true}]}}